{"id":48,"date":"2020-07-22T21:59:04","date_gmt":"2020-07-22T21:59:04","guid":{"rendered":"http:\/\/alloncalaw.com\/web\/?page_id=48"},"modified":"2025-11-05T14:25:24","modified_gmt":"2025-11-05T14:25:24","slug":"inicio","status":"publish","type":"page","link":"https:\/\/alloncalaw.com\/web\/","title":{"rendered":"inicio"},"content":{"rendered":"<p>[et_pb_section fb_built=\u00bb1&#8243; _builder_version=\u00bb4.27.4&#8243; _module_preset=\u00bbdefault\u00bb use_background_color_gradient=\u00bbon\u00bb background_color_gradient_direction=\u00bb360deg\u00bb background_color_gradient_stops=\u00bbrgba(214,214,214,0.93) 35%|#ffffff 57%\u00bb custom_padding=\u00bb5px|||||\u00bb global_colors_info=\u00bb{}\u00bb][et_pb_row _builder_version=\u00bb4.27.4&#8243; _module_preset=\u00bbdefault\u00bb global_colors_info=\u00bb{}\u00bb][et_pb_column type=\u00bb4_4&#8243; _builder_version=\u00bb4.27.4&#8243; _module_preset=\u00bbdefault\u00bb global_colors_info=\u00bb{}\u00bb][et_pb_text _builder_version=\u00bb4.27.4&#8243; _module_preset=\u00bbdefault\u00bb text_font=\u00bb|300|||||||\u00bb text_text_color=\u00bb#000000&#8243; text_font_size=\u00bb28px\u00bb global_colors_info=\u00bb{}\u00bb]<\/p>\n<p>Allonca Abogados se complace en anunciar su integraci\u00f3n con el Estudio O\u2019Farrell<\/p>\n<p>[\/et_pb_text][\/et_pb_column][\/et_pb_row][et_pb_row column_structure=\u00bb1_3,1_3,1_3&#8243; _builder_version=\u00bb4.27.4&#8243; _module_preset=\u00bbdefault\u00bb global_colors_info=\u00bb{}\u00bb][et_pb_column type=\u00bb1_3&#8243; _builder_version=\u00bb4.27.4&#8243; _module_preset=\u00bbdefault\u00bb global_colors_info=\u00bb{}\u00bb][et_pb_image src=\u00bbhttps:\/\/alloncalaw.com\/web\/wp-content\/uploads\/2025\/11\/allonca_ofarrell.png\u00bb title_text=\u00bballonca_ofarrell\u00bb _builder_version=\u00bb4.27.4&#8243; _module_preset=\u00bbdefault\u00bb global_colors_info=\u00bb{}\u00bb][\/et_pb_image][\/et_pb_column][et_pb_column type=\u00bb1_3&#8243; _builder_version=\u00bb4.27.4&#8243; _module_preset=\u00bbdefault\u00bb global_colors_info=\u00bb{}\u00bb][et_pb_image src=\u00bbhttps:\/\/alloncalaw.com\/web\/wp-content\/uploads\/2025\/11\/logo_ofarrell.jpg\u00bb title_text=\u00bblogo_ofarrell\u00bb _builder_version=\u00bb4.27.4&#8243; _module_preset=\u00bbdefault\u00bb global_colors_info=\u00bb{}\u00bb][\/et_pb_image][\/et_pb_column][et_pb_column type=\u00bb1_3&#8243; _builder_version=\u00bb4.27.4&#8243; _module_preset=\u00bbdefault\u00bb global_colors_info=\u00bb{}\u00bb][et_pb_image src=\u00bbhttps:\/\/alloncalaw.com\/web\/wp-content\/uploads\/2024\/01\/Allonca_logo.jpg\u00bb title_text=\u00bbAllonca_logo\u00bb _builder_version=\u00bb4.27.4&#8243; _module_preset=\u00bbdefault\u00bb global_colors_info=\u00bb{}\u00bb][\/et_pb_image][\/et_pb_column][\/et_pb_row][et_pb_row _builder_version=\u00bb4.27.4&#8243; _module_preset=\u00bbdefault\u00bb custom_padding=\u00bb0px|||||\u00bb global_colors_info=\u00bb{}\u00bb][et_pb_column type=\u00bb4_4&#8243; _builder_version=\u00bb4.27.4&#8243; _module_preset=\u00bbdefault\u00bb global_colors_info=\u00bb{}\u00bb][et_pb_text _builder_version=\u00bb4.27.4&#8243; _module_preset=\u00bbdefault\u00bb text_font=\u00bb|300|||||||\u00bb text_text_color=\u00bb#000000&#8243; text_font_size=\u00bb20px\u00bb global_colors_info=\u00bb{}\u00bb]<\/p>\n<p>Este paso representa una nueva etapa de crecimiento y especializaci\u00f3n, sumando equipos y capacidades para brindar servicios jur\u00eddicos a\u00fan m\u00e1s completos en Argentina y Latinoam\u00e9rica.<\/p>\n<p>Nos estaremos comunicando personalmente con nuestros clientes para acompa\u00f1arlos en la transici\u00f3n. Los datos de contacto actuales se mantendr\u00e1n hasta febrero de 2026, e iremos actualizando cualquier novedad en correos electr\u00f3nicos y tel\u00e9fonos.<\/p>\n<p>[\/et_pb_text][\/et_pb_column][\/et_pb_row][et_pb_row _builder_version=\u00bb4.27.4&#8243; _module_preset=\u00bbdefault\u00bb custom_padding=\u00bb2px|||||\u00bb global_colors_info=\u00bb{}\u00bb][et_pb_column type=\u00bb4_4&#8243; _builder_version=\u00bb4.27.4&#8243; _module_preset=\u00bbdefault\u00bb global_colors_info=\u00bb{}\u00bb][et_pb_divider color=\u00bb#000000&#8243; _builder_version=\u00bb4.27.4&#8243; _module_preset=\u00bbdefault\u00bb global_colors_info=\u00bb{}\u00bb][\/et_pb_divider][\/et_pb_column][\/et_pb_row][et_pb_row _builder_version=\u00bb4.27.4&#8243; _module_preset=\u00bbdefault\u00bb custom_padding=\u00bb2px|||||\u00bb global_colors_info=\u00bb{}\u00bb][et_pb_column type=\u00bb4_4&#8243; _builder_version=\u00bb4.27.4&#8243; _module_preset=\u00bbdefault\u00bb global_colors_info=\u00bb{}\u00bb][et_pb_text _builder_version=\u00bb4.27.4&#8243; _module_preset=\u00bbdefault\u00bb text_text_color=\u00bb#000000&#8243; custom_margin=\u00bb-12px|||||\u00bb hover_enabled=\u00bb0&#8243; global_colors_info=\u00bb{}\u00bb sticky_enabled=\u00bb0&#8243;]<\/p>\n<p>Para m\u00e1s detalles, puede <a href=\"https:\/\/www.estudio-ofarrell.com\/ofarrell-integra-a-allonca-abogados-y-amplia-su-presencia-internacional\/\" target=\"_blank\" rel=\"noopener\">consultar el anuncio oficial de la fusi\u00f3n publicado en el sitio web de O\u2019Farrel<\/a><\/p>\n<p style=\"text-align: right;\">Para mayor informaci\u00f3n o consultas, cont\u00e1ctenos en<a href=\"mailto:jma@alloncalaw.com\" target=\"_blank\" rel=\"noopener\"> jma@alloncalaw.com<\/a><br \/>Gracias por acompa\u00f1arnos en este nuevo cap\u00edtulo.<\/p>\n<p style=\"text-align: right;\"><strong>Jos\u00e9 Mar\u00eda Allonca<\/strong><br \/>Managing Partner<br \/>Allonca Abogados<\/p>\n<p>[\/et_pb_text][\/et_pb_column][\/et_pb_row][\/et_pb_section]<\/p>\n","protected":false},"excerpt":{"rendered":"<p>Allonca Abogados se complace en anunciar su integraci\u00f3n con el Estudio O\u2019FarrellEste paso representa una nueva etapa de crecimiento y especializaci\u00f3n, sumando equipos y capacidades para brindar servicios jur\u00eddicos a\u00fan m\u00e1s completos en Argentina y Latinoam\u00e9rica. Nos estaremos comunicando personalmente con nuestros clientes para acompa\u00f1arlos en la transici\u00f3n. Los datos de contacto actuales se mantendr\u00e1n [&hellip;]<\/p>\n","protected":false},"author":1,"featured_media":0,"parent":0,"menu_order":0,"comment_status":"closed","ping_status":"closed","template":"","meta":{"_et_pb_use_builder":"on","_et_pb_old_content":"","_et_gb_content_width":"","footnotes":""},"class_list":["post-48","page","type-page","status-publish","hentry"],"_links":{"self":[{"href":"https:\/\/alloncalaw.com\/web\/wp-json\/wp\/v2\/pages\/48","targetHints":{"allow":["GET"]}}],"collection":[{"href":"https:\/\/alloncalaw.com\/web\/wp-json\/wp\/v2\/pages"}],"about":[{"href":"https:\/\/alloncalaw.com\/web\/wp-json\/wp\/v2\/types\/page"}],"author":[{"embeddable":true,"href":"https:\/\/alloncalaw.com\/web\/wp-json\/wp\/v2\/users\/1"}],"replies":[{"embeddable":true,"href":"https:\/\/alloncalaw.com\/web\/wp-json\/wp\/v2\/comments?post=48"}],"version-history":[{"count":24,"href":"https:\/\/alloncalaw.com\/web\/wp-json\/wp\/v2\/pages\/48\/revisions"}],"predecessor-version":[{"id":875,"href":"https:\/\/alloncalaw.com\/web\/wp-json\/wp\/v2\/pages\/48\/revisions\/875"}],"wp:attachment":[{"href":"https:\/\/alloncalaw.com\/web\/wp-json\/wp\/v2\/media?parent=48"}],"curies":[{"name":"wp","href":"https:\/\/api.w.org\/{rel}","templated":true}]}}