{"id":481,"date":"2020-10-01T21:08:15","date_gmt":"2020-10-01T21:08:15","guid":{"rendered":"http:\/\/alloncalaw.com\/web\/?page_id=481"},"modified":"2020-10-01T21:08:51","modified_gmt":"2020-10-01T21:08:51","slug":"federico_valcarce","status":"publish","type":"page","link":"https:\/\/alloncalaw.com\/web\/federico_valcarce\/","title":{"rendered":"federico_valcarce"},"content":{"rendered":"<p>[et_pb_section fb_built=\u00bb1&#8243; _builder_version=\u00bb4.5.1&#8243; _module_preset=\u00bbdefault\u00bb use_background_color_gradient=\u00bbon\u00bb background_color_gradient_start=\u00bb#d6d6d6&#8243; background_color_gradient_end=\u00bb#ffffff\u00bb background_enable_image=\u00bboff\u00bb custom_padding=\u00bb18px||27px|||\u00bb][et_pb_row _builder_version=\u00bb4.5.1&#8243; _module_preset=\u00bbdefault\u00bb background_color=\u00bbrgba(255,255,255,0.79)\u00bb custom_padding=\u00bb20px|20px|20px|20px|false|false\u00bb][et_pb_column type=\u00bb4_4&#8243; _builder_version=\u00bb4.5.1&#8243; _module_preset=\u00bbdefault\u00bb][et_pb_text _builder_version=\u00bb4.5.1&#8243; _module_preset=\u00bbdefault\u00bb text_text_color=\u00bb#000000&#8243;]<\/p>\n<p><strong>STAFF DE PROFESIONALES<\/strong><\/p>\n<p>[\/et_pb_text][\/et_pb_column][\/et_pb_row][\/et_pb_section][et_pb_section fb_built=\u00bb1&#8243; _builder_version=\u00bb4.5.1&#8243; _module_preset=\u00bbdefault\u00bb background_color=\u00bb#ededed\u00bb custom_padding=\u00bb0px|||||\u00bb][et_pb_row _builder_version=\u00bb4.6.3&#8243; _module_preset=\u00bbdefault\u00bb custom_margin=\u00bb||||false|false\u00bb custom_padding=\u00bb||||false|false\u00bb][et_pb_column type=\u00bb4_4&#8243; _builder_version=\u00bb4.5.1&#8243; _module_preset=\u00bbdefault\u00bb][et_pb_team_member name=\u00bbFEDERICO VALCARCE\u00bb position=\u00bbABOGADO \u00bb image_url=\u00bbhttp:\/\/alloncalaw.com\/web\/wp-content\/uploads\/2020\/07\/federico_valcarce_cv.png\u00bb linkedin_url=\u00bbhttps:\/\/www.linkedin.com\/in\/federico-valcarce-6aa17113\/?originalSubdomain=ar\u00bb _builder_version=\u00bb4.6.3&#8243; _module_preset=\u00bbdefault\u00bb header_font=\u00bbLato||||||||\u00bb header_text_color=\u00bb#000000&#8243; header_font_size=\u00bb14px\u00bb body_font=\u00bbLato||||||||\u00bb body_text_color=\u00bb#000000&#8243; body_font_size=\u00bb14px\u00bb position_text_color=\u00bb#000000&#8243; custom_margin=\u00bb||||false|false\u00bb custom_padding=\u00bb||||false|false\u00bb hover_enabled=\u00bb0&#8243; box_shadow_style_image=\u00bbpreset1&#8243; title_text=\u00bbfederico_valcarce_cv\u00bb sticky_enabled=\u00bb0&#8243;]<\/p>\n<p>OF COUNSEL<br \/> Desde 2003 asiste a entidades europeas y norteamericanas en asuntos corporativos, fusiones y adquisiciones, planeamiento internacional tributario y corporativo, estructuraci\u00f3n de negocios y reestructuraciones complejas.<br \/> Pa\u00edses de referencia: Argentina, Brasil, Estados Unidos<br \/> Idiomas: Espa\u00f1ol e ingl\u00e9s<\/p>\n<p>[\/et_pb_team_member][\/et_pb_column][\/et_pb_row][\/et_pb_section]<\/p>\n","protected":false},"excerpt":{"rendered":"<p>STAFF DE PROFESIONALESOF COUNSEL Desde 2003 asiste a entidades europeas y norteamericanas en asuntos corporativos, fusiones y adquisiciones, planeamiento internacional tributario y corporativo, estructuraci\u00f3n de negocios y reestructuraciones complejas. Pa\u00edses de referencia: Argentina, Brasil, Estados Unidos Idiomas: Espa\u00f1ol e ingl\u00e9s<\/p>\n","protected":false},"author":1,"featured_media":0,"parent":0,"menu_order":0,"comment_status":"closed","ping_status":"closed","template":"","meta":{"_et_pb_use_builder":"on","_et_pb_old_content":"","_et_gb_content_width":"","footnotes":""},"class_list":["post-481","page","type-page","status-publish","hentry"],"_links":{"self":[{"href":"https:\/\/alloncalaw.com\/web\/wp-json\/wp\/v2\/pages\/481","targetHints":{"allow":["GET"]}}],"collection":[{"href":"https:\/\/alloncalaw.com\/web\/wp-json\/wp\/v2\/pages"}],"about":[{"href":"https:\/\/alloncalaw.com\/web\/wp-json\/wp\/v2\/types\/page"}],"author":[{"embeddable":true,"href":"https:\/\/alloncalaw.com\/web\/wp-json\/wp\/v2\/users\/1"}],"replies":[{"embeddable":true,"href":"https:\/\/alloncalaw.com\/web\/wp-json\/wp\/v2\/comments?post=481"}],"version-history":[{"count":2,"href":"https:\/\/alloncalaw.com\/web\/wp-json\/wp\/v2\/pages\/481\/revisions"}],"predecessor-version":[{"id":484,"href":"https:\/\/alloncalaw.com\/web\/wp-json\/wp\/v2\/pages\/481\/revisions\/484"}],"wp:attachment":[{"href":"https:\/\/alloncalaw.com\/web\/wp-json\/wp\/v2\/media?parent=481"}],"curies":[{"name":"wp","href":"https:\/\/api.w.org\/{rel}","templated":true}]}}